{"id":1118,"date":"2023-04-19T10:33:41","date_gmt":"2023-04-19T10:33:41","guid":{"rendered":"https:\/\/storikambur.is\/zum-thema-wohlbefinden-von-pferden\/"},"modified":"2024-11-04T19:40:47","modified_gmt":"2024-11-04T19:40:47","slug":"zum-thema-wohlbefinden-von-pferden","status":"publish","type":"page","link":"https:\/\/storikambur.is\/de\/zum-thema-wohlbefinden-von-pferden\/","title":{"rendered":"Zum Thema Wohlbefinden von Pferden"},"content":{"rendered":"<p>[et_pb_section fb_built=&#8221;1&#8243; _builder_version=&#8221;4.20.4&#8243; background_color=&#8221;#6A443B&#8221; global_colors_info=&#8221;{}&#8221;][et_pb_row _builder_version=&#8221;4.16&#8243; global_colors_info=&#8221;{}&#8221;][et_pb_column type=&#8221;4_4&#8243; _builder_version=&#8221;4.16&#8243; custom_padding=&#8221;|||&#8221; global_colors_info=&#8221;{}&#8221; custom_padding__hover=&#8221;|||&#8221;][et_pb_text _builder_version=&#8221;4.20.4&#8243; text_font=&#8221;||||||||&#8221; text_text_color=&#8221;#FFFFFF&#8221; header_font=&#8221;||||||||&#8221; header_text_color=&#8221;#ffffff&#8221; header_font_size=&#8221;50px&#8221; custom_padding=&#8221;|16%||16%|false|true&#8221; global_colors_info=&#8221;{}&#8221;]<\/p>\n<h1 class=\"p1\">Zum Thema Pferdewohl<\/h1>\n<p>&nbsp;<\/p>\n<p class=\"p1\">Bei St\u00f3ri-Kambur liegt uns das Wohlergehen unserer Pferde sehr am Herzen und wir stellen ihr Wohlbefinden \u00fcber alles andere. Wir glauben, dass die Pferde nicht nur unser Gesch\u00e4ft, sondern auch unsere Familie sind und wir behandeln sie dementsprechend. Um sicherzustellen, dass unsere Pferde gl\u00fccklich und gesund sind, bieten wir ihnen ausreichend Platz. Unsere Pferde leben das ganze Jahr\u00fcber auf gro\u00dfen, offenen Weiden im Herdenverband, wo sie nach Herzenslust grasen, rennen und toben k\u00f6nnen.<\/p>\n<p class=\"p1\">Dar\u00fcber hinaus beschr\u00e4nken wir die Auslastung unserer Pferde auf eine Tour pro Tag (bei l\u00e4ngeren Touren haben die Pferde am n\u00e4chsten Tag komplett frei). Wir sind sehr stolz darauf, dass wir einer der wenigen Pferdeh\u00f6fe im Land sind, der sich an diese Norm h\u00e4lt. So stellen wir sicher, dass unsere Pferde nicht physisch \u00fcberanstrengt oder mental an ihre Grenzen gebracht werden. Wir glauben, dass dieser Ansatz f\u00fcr das k\u00f6rperliche und emotionale Wohlbefinden unserer Pferde unerl\u00e4sslich ist.<\/p>\n<p class=\"p1\">Bei so einer gro\u00dfen Herde wie wir sie haben, ist es besonders wichtig die Pferde immer gut im Auge zu behalten. Wir kennen unsere Tiere in und auswendig und sehen sofort, wenn etwas nicht stimmt. Wenn wir das Gef\u00fchl haben, dass ein Pferd ein oder zwei Tage Pause braucht, geben wir ihm diese Zeit, um sich auszuruhen und neue Energie zu tanken. Wir haben mehr als 100 Pferde auf unserer Farm, so dass wir es uns leisten k\u00f6nnen, Pferde zu rotieren.<\/p>\n<p class=\"p1\">Unser Engagement f\u00fcr das Wohlergehen unserer Tiere endet nicht, wenn diese ein bestimmtes Alter erreichen. Wenn unsere Pferde zu alt werden, um zu arbeiten, d\u00fcrfen sie auch weiterhin bei uns auf der Farm bleiben. Wir haben eine separate Rentnerkoppel, auf der die Pferde ihren Lebensabend in einer stressfreien Umgebung verbringen k\u00f6nnen.<\/p>\n<p class=\"p1\">All unsere Bem\u00fchungen um das Wohlergehen unserer Pferde haben einen erheblichen Einfluss auf ihr Verhalten. Unsere Vierbeiner sind motiviert mit uns zu arbeiten, eben weil sie wissen, dass sie nur eine Tour pro Tag laufen m\u00fcssen, und danach direkt wieder auf ihre gro\u00dfe Weide d\u00fcrfen.<\/p>\n<p class=\"p1\">Wir von St\u00f3ri-Kambur sind davon \u00fcberzeugt, dass gl\u00fcckliche, motivierte Pferde ma\u00dfgeblich dazu beitragen, dass unsere G\u00e4ste mit uns eine tolle Zeit erleben.<\/p>\n<p>[\/et_pb_text][\/et_pb_column][\/et_pb_row][\/et_pb_section][et_pb_section fb_built=&#8221;1&#8243; admin_label=&#8221;Contact Section&#8221; module_id=&#8221;hi&#8221; module_class=&#8221;contact&#8221; _builder_version=&#8221;4.27.2&#8243; background_color=&#8221;#232220&#8243; use_background_color_gradient=&#8221;on&#8221; background_color_gradient_direction=&#8221;0deg&#8221; background_color_gradient_stops=&#8221;#6a443b 100%|#ffffff 100%&#8221; background_color_gradient_start=&#8221;#6a443b&#8221; background_color_gradient_start_position=&#8221;60%&#8221; background_color_gradient_end=&#8221;#ffffff&#8221; background_color_gradient_end_position=&#8221;60%&#8221; custom_padding=&#8221;5px|0px|10px|0px|false|false&#8221; hover_enabled=&#8221;0&#8243; saved_tabs=&#8221;all&#8221; locked=&#8221;off&#8221; global_colors_info=&#8221;{}&#8221; sticky_enabled=&#8221;0&#8243;][et_pb_row column_structure=&#8221;1_3,1_3,1_3&#8243; admin_label=&#8221;Kontakt Info Reihe&#8221; _builder_version=&#8221;4.16&#8243; custom_margin=&#8221;50px|||&#8221; global_colors_info=&#8221;{}&#8221;][et_pb_column type=&#8221;1_3&#8243; _builder_version=&#8221;4.16&#8243; custom_padding=&#8221;|||&#8221; global_colors_info=&#8221;{}&#8221; custom_padding__hover=&#8221;|||&#8221;][et_pb_blurb title=&#8221;E-Mail&#8221; use_icon=&#8221;on&#8221; font_icon=&#8221;&#xe076;||divi||400&#8243; icon_color=&#8221;#ffffff&#8221; image_icon_width=&#8221;58px&#8221; admin_label=&#8221;Contact Info&#8221; _builder_version=&#8221;4.20.4&#8243; header_font=&#8221;|300||on|||||&#8221; header_text_align=&#8221;center&#8221; header_font_size=&#8221;20px&#8221; header_letter_spacing=&#8221;3px&#8221; header_line_height=&#8221;1.5em&#8221; body_font=&#8221;Roboto||||||||&#8221; body_text_align=&#8221;center&#8221; body_text_color=&#8221;#ffffff&#8221; body_font_size=&#8221;20px&#8221; body_line_height=&#8221;2em&#8221; background_layout=&#8221;dark&#8221; link_option_url=&#8221;mailto:info@storikambur.is&#8221; global_colors_info=&#8221;{}&#8221;]<\/p>\n<p>info@storikambur.is<\/p>\n<p>[\/et_pb_blurb][\/et_pb_column][et_pb_column type=&#8221;1_3&#8243; _builder_version=&#8221;4.16&#8243; custom_padding=&#8221;|||&#8221; global_colors_info=&#8221;{}&#8221; custom_padding__hover=&#8221;|||&#8221;][et_pb_blurb title=&#8221;Telefon&#8221; use_icon=&#8221;on&#8221; font_icon=&#8221;&#xe090;||divi||400&#8243; icon_color=&#8221;#ffffff&#8221; image_icon_width=&#8221;58px&#8221; admin_label=&#8221;Contact Info&#8221; _builder_version=&#8221;4.20.4&#8243; header_font=&#8221;|300||on|||||&#8221; header_text_align=&#8221;center&#8221; header_font_size=&#8221;20px&#8221; header_letter_spacing=&#8221;3px&#8221; header_line_height=&#8221;1.5em&#8221; body_font=&#8221;Roboto||||||||&#8221; body_text_align=&#8221;center&#8221; body_text_color=&#8221;#ffffff&#8221; body_font_size=&#8221;20px&#8221; body_line_height=&#8221;2em&#8221; background_layout=&#8221;dark&#8221; link_option_url=&#8221;tel:+354 852 7028&#8243; global_colors_info=&#8221;{}&#8221;]<\/p>\n<p>+354 <span>852 7028<\/span><\/p>\n<p>[\/et_pb_blurb][\/et_pb_column][et_pb_column type=&#8221;1_3&#8243; _builder_version=&#8221;4.16&#8243; custom_padding=&#8221;|||&#8221; global_colors_info=&#8221;{}&#8221; custom_padding__hover=&#8221;|||&#8221;][et_pb_blurb title=&#8221;Standort&#8221; use_icon=&#8221;on&#8221; font_icon=&#8221;&#xe081;||divi||400&#8243; icon_color=&#8221;#ffffff&#8221; image_icon_width=&#8221;58px&#8221; admin_label=&#8221;Contact Info&#8221; _builder_version=&#8221;4.20.4&#8243; header_font=&#8221;|300||on|||||&#8221; header_text_align=&#8221;center&#8221; header_font_size=&#8221;20px&#8221; header_letter_spacing=&#8221;3px&#8221; header_line_height=&#8221;1.5em&#8221; body_font=&#8221;Roboto||||||||&#8221; body_text_align=&#8221;center&#8221; body_text_color=&#8221;#ffffff&#8221; body_font_size=&#8221;20px&#8221; body_line_height=&#8221;2em&#8221; background_layout=&#8221;dark&#8221; link_option_url=&#8221;https:\/\/goo.gl\/maps\/NwJhGBHhh85By7LC9&#8243; link_option_url_new_window=&#8221;on&#8221; global_colors_info=&#8221;{}&#8221;]<\/p>\n<p><span>St\u00f3ri-Kambur, 356 Sn\u00e6fellsb\u00e6r<\/span><\/p>\n<p>[\/et_pb_blurb][\/et_pb_column][\/et_pb_row][\/et_pb_section][et_pb_section fb_built=&#8221;1&#8243; fullwidth=&#8221;on&#8221; admin_label=&#8221;Map Section&#8221; module_id=&#8221;map&#8221; _builder_version=&#8221;4.27.2&#8243; hover_enabled=&#8221;0&#8243; saved_tabs=&#8221;all&#8221; locked=&#8221;off&#8221; global_colors_info=&#8221;{}&#8221; sticky_enabled=&#8221;0&#8243;][et_pb_fullwidth_code _builder_version=&#8221;4.20.4&#8243; _module_preset=&#8221;default&#8221; global_colors_info=&#8221;{}&#8221;]<iframe src=\"https:\/\/www.google.com\/maps\/embed?pb=!1m18!1m12!1m3!1d1697.4668603614687!2d-23.558551422499875!3d64.8208710600141!2m3!1f0!2f0!3f0!3m2!1i1024!2i768!4f13.1!3m3!1m2!1s0x492a81c05d892b63%3A0x86ff30d333f2f09b!2sSt%C3%B3ri%20Kambur!5e0!3m2!1sen!2sis!4v1681826984878!5m2!1sen!2sis\" width=\"100%\" height=\"450\" style=\"border:0;\" allowfullscreen=\"\" loading=\"lazy\" referrerpolicy=\"no-referrer-when-downgrade\"><\/iframe>[\/et_pb_fullwidth_code][\/et_pb_section][et_pb_section fb_built=&#8221;1&#8243; admin_label=&#8221;Footer &#8211; info&#8221; _builder_version=&#8221;4.21.0&#8243; background_color=&#8221;#afa28c&#8221; global_module=&#8221;240&#8243; saved_tabs=&#8221;all&#8221; global_colors_info=&#8221;{}&#8221;][et_pb_row column_structure=&#8221;1_5,1_5,1_5,1_5,1_5&#8243; _builder_version=&#8221;4.16&#8243; global_colors_info=&#8221;{}&#8221;][et_pb_column type=&#8221;1_5&#8243; _builder_version=&#8221;4.16&#8243; custom_padding=&#8221;|||&#8221; global_colors_info=&#8221;{}&#8221; custom_padding__hover=&#8221;|||&#8221;][et_pb_image src=&#8221;https:\/\/storikambur.is\/wp-content\/uploads\/2019\/05\/storikambur-logo.png&#8221; align_tablet=&#8221;center&#8221; align_phone=&#8221;&#8221; align_last_edited=&#8221;on|desktop&#8221; _builder_version=&#8221;4.16&#8243; custom_margin=&#8221;0px||0px|||&#8221; custom_padding=&#8221;0px||&#8221; global_colors_info=&#8221;{}&#8221;][\/et_pb_image][et_pb_text _builder_version=&#8221;4.16&#8243; text_font=&#8221;Lora||||||||&#8221; text_text_color=&#8221;#ffffff&#8221; header_font=&#8221;||||||||&#8221; header_text_align=&#8221;center&#8221; text_orientation=&#8221;center&#8221; global_colors_info=&#8221;{}&#8221;]<\/p>\n<p>Pegron ehf<br \/> Kennitala: 7112012030<br \/> VSK: <span>73305<\/span><\/p>\n<p>[\/et_pb_text][\/et_pb_column][et_pb_column type=&#8221;1_5&#8243; _builder_version=&#8221;4.16&#8243; custom_padding=&#8221;|||&#8221; global_colors_info=&#8221;{}&#8221; custom_padding__hover=&#8221;|||&#8221;][et_pb_text _builder_version=&#8221;4.16&#8243; text_font=&#8221;Lora||||||||&#8221; text_text_color=&#8221;#ffffff&#8221; link_font=&#8221;||||||||&#8221; link_text_align=&#8221;center&#8221; link_text_color=&#8221;#ffffff&#8221; header_3_font=&#8221;||||||||&#8221; header_3_text_align=&#8221;center&#8221; header_3_text_color=&#8221;#ffffff&#8221; global_colors_info=&#8221;{}&#8221;]<\/p>\n<h3>Kontakt<\/h3>\n<p style=\"text-align: center;\"><a href=\"mailto:info@storikambur.is\">info@storikambur.is<\/a><\/p>\n<p style=\"text-align: center;\">+354 852 7028<\/p>\n<p style=\"text-align: center;\">St\u00f3ri-Kambur, 356 Sn\u00e6fellsb\u00e6r<\/p>\n<p>[\/et_pb_text][\/et_pb_column][et_pb_column type=&#8221;1_5&#8243; _builder_version=&#8221;4.16&#8243; custom_padding=&#8221;|||&#8221; global_colors_info=&#8221;{}&#8221; custom_padding__hover=&#8221;|||&#8221;][et_pb_text _builder_version=&#8221;4.16&#8243; header_3_font=&#8221;||||||||&#8221; header_3_text_align=&#8221;center&#8221; header_3_text_color=&#8221;#ffffff&#8221; custom_margin=&#8221;||2px|||&#8221; custom_padding=&#8221;||0px&#8221; global_colors_info=&#8221;{}&#8221;]<\/p>\n<h3>Wir akzeptieren Karten<\/h3>\n<p>[\/et_pb_text][et_pb_image src=&#8221;https:\/\/storikambur.is\/wp-content\/uploads\/2019\/06\/mc_vrt_opt_pos_73_3x.png&#8221; align=&#8221;center&#8221; align_tablet=&#8221;center&#8221; align_phone=&#8221;&#8221; align_last_edited=&#8221;on|desktop&#8221; _builder_version=&#8221;4.16&#8243; width=&#8221;40%&#8221; custom_margin=&#8221;||-1px|||&#8221; global_colors_info=&#8221;{}&#8221;][\/et_pb_image][et_pb_image src=&#8221;https:\/\/storikambur.is\/wp-content\/uploads\/2019\/06\/visa_small.png&#8221; align=&#8221;center&#8221; align_tablet=&#8221;center&#8221; align_phone=&#8221;&#8221; align_last_edited=&#8221;on|desktop&#8221; _builder_version=&#8221;4.16&#8243; width=&#8221;40%&#8221; global_colors_info=&#8221;{}&#8221;][\/et_pb_image][et_pb_text _builder_version=&#8221;4.16&#8243; text_font=&#8221;Lora||||||||&#8221; text_text_color=&#8221;#ffffff&#8221; link_font=&#8221;||||||||&#8221; link_text_color=&#8221;#ffffff&#8221; header_font=&#8221;||||||||&#8221; custom_margin=&#8221;-15px|||||&#8221; global_colors_info=&#8221;{}&#8221;]<\/p>\n<p style=\"text-align: center;\"><a href=\"\/policies\" target=\"_blank\" rel=\"noopener noreferrer\"><strong>Unsere Zahlungsrichtlinien ansehen<\/strong><\/a><\/p>\n<p>[\/et_pb_text][\/et_pb_column][et_pb_column type=&#8221;1_5&#8243; _builder_version=&#8221;4.16&#8243; custom_padding=&#8221;|||&#8221; global_colors_info=&#8221;{}&#8221; custom_padding__hover=&#8221;|||&#8221;][et_pb_text _builder_version=&#8221;4.16&#8243; header_3_font=&#8221;||||||||&#8221; header_3_text_align=&#8221;center&#8221; header_3_text_color=&#8221;#ffffff&#8221; custom_margin=&#8221;||2px|||&#8221; custom_padding=&#8221;||0px&#8221; global_colors_info=&#8221;{}&#8221;]<\/p>\n<h3>Wir sind lizenziert<\/h3>\n<p>[\/et_pb_text][et_pb_image src=&#8221;https:\/\/storikambur.is\/wp-content\/uploads\/2019\/07\/Sto\u0301ri-Kambur-leyfi.png&#8221; align=&#8221;center&#8221; _builder_version=&#8221;4.16&#8243; width=&#8221;70%&#8221; global_colors_info=&#8221;{}&#8221;][\/et_pb_image][\/et_pb_column][et_pb_column type=&#8221;1_5&#8243; _builder_version=&#8221;4.16&#8243; _module_preset=&#8221;default&#8221; global_colors_info=&#8221;{}&#8221;][et_pb_text _builder_version=&#8221;4.16&#8243; header_3_font=&#8221;||||||||&#8221; header_3_text_align=&#8221;center&#8221; header_3_text_color=&#8221;#ffffff&#8221; custom_margin=&#8221;||2px|||&#8221; custom_padding=&#8221;||0px&#8221; global_colors_info=&#8221;{}&#8221;]<\/p>\n<h3>Wir sind Travelers&#8217; Choice!<\/h3>\n<p>[\/et_pb_text][et_pb_code _builder_version=&#8221;4.16&#8243; _module_preset=&#8221;default&#8221; text_orientation=&#8221;center&#8221; width=&#8221;90%&#8221; module_alignment=&#8221;center&#8221; global_colors_info=&#8221;{}&#8221;]<\/p>\n<div id=\"TA_certificateOfExcellence523\" class=\"TA_certificateOfExcellence\">\n<ul id=\"H1IrtavRc12\" class=\"TA_links nni9Oi9\">\n<li id=\"VGRIpvB\" class=\"dp2EG6TnVO\"><a target=\"_blank\" href=\"https:\/\/www.tripadvisor.com\/Attraction_Review-g1185905-d4868169-Reviews-Stori_Kambur_Horse_Rental-Snaefellsbaer_West_Region.html\" rel=\"noopener noreferrer\"><img decoding=\"async\" src=\"https:\/\/www.tripadvisor.com\/img\/cdsi\/img2\/awards\/v2\/tchotel_2020_L-14348-2.png\" alt=\"TripAdvisor\" class=\"widCOEImg\" id=\"CDSWIDCOELOGO\"><\/a><\/li>\n<\/ul>\n<\/div>\n<p><script async=\"\" src=\"https:\/\/www.jscache.com\/wejs?wtype=certificateOfExcellence&#038;uniq=523&#038;locationId=4868169&#038;lang=en_US&#038;year=2020&#038;display_version=2\" data-loadtrk=\"\" onload=\"this.loadtrk=true\"><\/script>[\/et_pb_code][\/et_pb_column][\/et_pb_row][\/et_pb_section]<\/p>\n","protected":false},"excerpt":{"rendered":"<p>Zum Thema Pferdewohl &nbsp; Bei St\u00f3ri-Kambur liegt uns das Wohlergehen unserer Pferde sehr am Herzen und wir stellen ihr Wohlbefinden \u00fcber alles andere. Wir glauben, dass die Pferde nicht nur unser Gesch\u00e4ft, sondern auch unsere Familie sind und wir behandeln sie dementsprechend. Um sicherzustellen, dass unsere Pferde gl\u00fccklich und gesund sind, bieten wir ihnen ausreichend [&hellip;]<\/p>\n","protected":false},"author":4,"featured_media":1030,"parent":0,"menu_order":0,"comment_status":"closed","ping_status":"closed","template":"","meta":{"_et_pb_use_builder":"on","_et_pb_old_content":"","_et_gb_content_width":"","footnotes":""},"class_list":["post-1118","page","type-page","status-publish","has-post-thumbnail","hentry"],"yoast_head":"<!-- This site is optimized with the Yoast SEO plugin v27.4 - https:\/\/yoast.com\/product\/yoast-seo-wordpress\/ -->\n<title>Zum Thema Pferdewohlbefinden | Beste Reittouren in Westisland<\/title>\n<meta name=\"description\" content=\"Bei St\u00f3ri-Kambur hat das Wohl der Pferde oberste Priorit\u00e4t. Entdecken Sie, wie wir daf\u00fcr sorgen, dass unsere Pferde jeden Tag gl\u00fccklich, gesund und gut versorgt sind.\" \/>\n<meta name=\"robots\" content=\"index, follow, max-snippet:-1, max-image-preview:large, max-video-preview:-1\" \/>\n<link rel=\"canonical\" href=\"https:\/\/storikambur.is\/de\/zum-thema-wohlbefinden-von-pferden\/\" \/>\n<meta property=\"og:locale\" content=\"de_DE\" \/>\n<meta property=\"og:type\" content=\"article\" \/>\n<meta property=\"og:title\" content=\"Zum Thema Pferdewohlbefinden | Beste Reittouren in Westisland\" \/>\n<meta property=\"og:description\" content=\"Bei St\u00f3ri-Kambur hat das Wohl der Pferde oberste Priorit\u00e4t. Entdecken Sie, wie wir daf\u00fcr sorgen, dass unsere Pferde jeden Tag gl\u00fccklich, gesund und gut versorgt sind.\" \/>\n<meta property=\"og:url\" content=\"https:\/\/storikambur.is\/de\/zum-thema-wohlbefinden-von-pferden\/\" \/>\n<meta property=\"og:site_name\" content=\"St\u00f3ri-Kambur\" \/>\n<meta property=\"article:publisher\" content=\"https:\/\/www.facebook.com\/HorseRentalStoriKambur\/\" \/>\n<meta property=\"article:modified_time\" content=\"2024-11-04T19:40:47+00:00\" \/>\n<meta property=\"og:image\" content=\"https:\/\/storikambur.is\/wp-content\/uploads\/2019\/03\/storikambur7.jpg\" \/>\n\t<meta property=\"og:image:width\" content=\"1200\" \/>\n\t<meta property=\"og:image:height\" content=\"675\" \/>\n\t<meta property=\"og:image:type\" content=\"image\/jpeg\" \/>\n<meta name=\"twitter:card\" content=\"summary_large_image\" \/>\n<meta name=\"twitter:label1\" content=\"Gesch\u00e4tzte Lesezeit\" \/>\n\t<meta name=\"twitter:data1\" content=\"7\u00a0Minuten\" \/>\n<!-- \/ Yoast SEO plugin. -->","yoast_head_json":{"title":"Zum Thema Pferdewohlbefinden | Beste Reittouren in Westisland","description":"Bei St\u00f3ri-Kambur hat das Wohl der Pferde oberste Priorit\u00e4t. Entdecken Sie, wie wir daf\u00fcr sorgen, dass unsere Pferde jeden Tag gl\u00fccklich, gesund und gut versorgt sind.","robots":{"index":"index","follow":"follow","max-snippet":"max-snippet:-1","max-image-preview":"max-image-preview:large","max-video-preview":"max-video-preview:-1"},"canonical":"https:\/\/storikambur.is\/de\/zum-thema-wohlbefinden-von-pferden\/","og_locale":"de_DE","og_type":"article","og_title":"Zum Thema Pferdewohlbefinden | Beste Reittouren in Westisland","og_description":"Bei St\u00f3ri-Kambur hat das Wohl der Pferde oberste Priorit\u00e4t. Entdecken Sie, wie wir daf\u00fcr sorgen, dass unsere Pferde jeden Tag gl\u00fccklich, gesund und gut versorgt sind.","og_url":"https:\/\/storikambur.is\/de\/zum-thema-wohlbefinden-von-pferden\/","og_site_name":"St\u00f3ri-Kambur","article_publisher":"https:\/\/www.facebook.com\/HorseRentalStoriKambur\/","article_modified_time":"2024-11-04T19:40:47+00:00","og_image":[{"width":1200,"height":675,"url":"https:\/\/storikambur.is\/wp-content\/uploads\/2019\/03\/storikambur7.jpg","type":"image\/jpeg"}],"twitter_card":"summary_large_image","twitter_misc":{"Gesch\u00e4tzte Lesezeit":"7\u00a0Minuten"},"schema":{"@context":"https:\/\/schema.org","@graph":[{"@type":"WebPage","@id":"https:\/\/storikambur.is\/de\/zum-thema-wohlbefinden-von-pferden\/","url":"https:\/\/storikambur.is\/de\/zum-thema-wohlbefinden-von-pferden\/","name":"Zum Thema Pferdewohlbefinden | Beste Reittouren in Westisland","isPartOf":{"@id":"https:\/\/storikambur.is\/de\/#website"},"primaryImageOfPage":{"@id":"https:\/\/storikambur.is\/de\/zum-thema-wohlbefinden-von-pferden\/#primaryimage"},"image":{"@id":"https:\/\/storikambur.is\/de\/zum-thema-wohlbefinden-von-pferden\/#primaryimage"},"thumbnailUrl":"https:\/\/storikambur.is\/wp-content\/uploads\/2019\/03\/storikambur7.jpg","datePublished":"2023-04-19T10:33:41+00:00","dateModified":"2024-11-04T19:40:47+00:00","description":"Bei St\u00f3ri-Kambur hat das Wohl der Pferde oberste Priorit\u00e4t. Entdecken Sie, wie wir daf\u00fcr sorgen, dass unsere Pferde jeden Tag gl\u00fccklich, gesund und gut versorgt sind.","breadcrumb":{"@id":"https:\/\/storikambur.is\/de\/zum-thema-wohlbefinden-von-pferden\/#breadcrumb"},"inLanguage":"de","potentialAction":[{"@type":"ReadAction","target":["https:\/\/storikambur.is\/de\/zum-thema-wohlbefinden-von-pferden\/"]}]},{"@type":"ImageObject","inLanguage":"de","@id":"https:\/\/storikambur.is\/de\/zum-thema-wohlbefinden-von-pferden\/#primaryimage","url":"https:\/\/storikambur.is\/wp-content\/uploads\/2019\/03\/storikambur7.jpg","contentUrl":"https:\/\/storikambur.is\/wp-content\/uploads\/2019\/03\/storikambur7.jpg","width":1200,"height":675},{"@type":"BreadcrumbList","@id":"https:\/\/storikambur.is\/de\/zum-thema-wohlbefinden-von-pferden\/#breadcrumb","itemListElement":[{"@type":"ListItem","position":1,"name":"Home","item":"https:\/\/storikambur.is\/de\/"},{"@type":"ListItem","position":2,"name":"Zum Thema Wohlbefinden von Pferden"}]},{"@type":"WebSite","@id":"https:\/\/storikambur.is\/de\/#website","url":"https:\/\/storikambur.is\/de\/","name":"St\u00f3ri-Kambur","description":"Horse Riding Tours in Sn\u00e6fellsnes, West Iceland","publisher":{"@id":"https:\/\/storikambur.is\/de\/#organization"},"alternateName":"St\u00f3ri-Kambur","potentialAction":[{"@type":"SearchAction","target":{"@type":"EntryPoint","urlTemplate":"https:\/\/storikambur.is\/de\/?s={search_term_string}"},"query-input":{"@type":"PropertyValueSpecification","valueRequired":true,"valueName":"search_term_string"}}],"inLanguage":"de"},{"@type":"Organization","@id":"https:\/\/storikambur.is\/de\/#organization","name":"St\u00f3ri-Kambur","alternateName":"St\u00f3ri-Kambur","url":"https:\/\/storikambur.is\/de\/","logo":{"@type":"ImageObject","inLanguage":"de","@id":"https:\/\/storikambur.is\/de\/#\/schema\/logo\/image\/","url":"https:\/\/storikambur.is\/wp-content\/uploads\/2021\/12\/STORI-KAMBUR-LOGO_2.png","contentUrl":"https:\/\/storikambur.is\/wp-content\/uploads\/2021\/12\/STORI-KAMBUR-LOGO_2.png","width":443,"height":265,"caption":"St\u00f3ri-Kambur"},"image":{"@id":"https:\/\/storikambur.is\/de\/#\/schema\/logo\/image\/"},"sameAs":["https:\/\/www.facebook.com\/HorseRentalStoriKambur\/","https:\/\/www.instagram.com\/storikambur"]}]}},"_links":{"self":[{"href":"https:\/\/storikambur.is\/de\/wp-json\/wp\/v2\/pages\/1118","targetHints":{"allow":["GET"]}}],"collection":[{"href":"https:\/\/storikambur.is\/de\/wp-json\/wp\/v2\/pages"}],"about":[{"href":"https:\/\/storikambur.is\/de\/wp-json\/wp\/v2\/types\/page"}],"author":[{"embeddable":true,"href":"https:\/\/storikambur.is\/de\/wp-json\/wp\/v2\/users\/4"}],"replies":[{"embeddable":true,"href":"https:\/\/storikambur.is\/de\/wp-json\/wp\/v2\/comments?post=1118"}],"version-history":[{"count":6,"href":"https:\/\/storikambur.is\/de\/wp-json\/wp\/v2\/pages\/1118\/revisions"}],"predecessor-version":[{"id":2252,"href":"https:\/\/storikambur.is\/de\/wp-json\/wp\/v2\/pages\/1118\/revisions\/2252"}],"wp:featuredmedia":[{"embeddable":true,"href":"https:\/\/storikambur.is\/de\/wp-json\/wp\/v2\/media\/1030"}],"wp:attachment":[{"href":"https:\/\/storikambur.is\/de\/wp-json\/wp\/v2\/media?parent=1118"}],"curies":[{"name":"wp","href":"https:\/\/api.w.org\/{rel}","templated":true}]}}